{"id":2,"date":"2025-05-15T13:25:49","date_gmt":"2025-05-15T16:25:49","guid":{"rendered":"https:\/\/alineferreiraadv.com\/agendamento\/?page_id=2"},"modified":"2025-05-29T09:23:58","modified_gmt":"2025-05-29T12:23:58","slug":"home","status":"publish","type":"page","link":"https:\/\/alineferreiraadv.com\/agendamento\/","title":{"rendered":"Home"},"content":{"rendered":"\t\t<div data-elementor-type=\"wp-page\" data-elementor-id=\"2\" class=\"elementor elementor-2\" data-elementor-post-type=\"page\">\n\t\t\t\t\t\t<section class=\"elementor-section elementor-top-section elementor-element elementor-element-31ff943 elementor-section-boxed elementor-section-height-default elementor-section-height-default\" data-id=\"31ff943\" data-element_type=\"section\" data-settings=\"{&quot;background_background&quot;:&quot;classic&quot;}\">\n\t\t\t\t\t\t<div class=\"elementor-container elementor-column-gap-default\">\n\t\t\t\t\t<div class=\"elementor-column elementor-col-100 elementor-top-column elementor-element elementor-element-4808bc3\" data-id=\"4808bc3\" data-element_type=\"column\">\n\t\t\t<div class=\"elementor-widget-wrap elementor-element-populated\">\n\t\t\t\t\t\t<div class=\"elementor-element elementor-element-6566779 elementor-widget elementor-widget-heading\" data-id=\"6566779\" data-element_type=\"widget\" data-widget_type=\"heading.default\">\n\t\t\t\t<div class=\"elementor-widget-container\">\n\t\t\t\t\t<h2 class=\"elementor-heading-title elementor-size-default\">Agendamento Online<\/h2>\t\t\t\t<\/div>\n\t\t\t\t<\/div>\n\t\t\t\t<div class=\"elementor-element elementor-element-8c021d3 elementor-widget elementor-widget-heading\" data-id=\"8c021d3\" data-element_type=\"widget\" data-widget_type=\"heading.default\">\n\t\t\t\t<div class=\"elementor-widget-container\">\n\t\t\t\t\t<p class=\"elementor-heading-title elementor-size-default\">An\u00e1lise inicial de Caso<\/p>\t\t\t\t<\/div>\n\t\t\t\t<\/div>\n\t\t\t\t<section class=\"elementor-section elementor-inner-section elementor-element elementor-element-c041121 elementor-section-boxed elementor-section-height-default elementor-section-height-default\" data-id=\"c041121\" data-element_type=\"section\">\n\t\t\t\t\t\t<div class=\"elementor-container elementor-column-gap-default\">\n\t\t\t\t\t<div class=\"elementor-column elementor-col-100 elementor-inner-column elementor-element elementor-element-d415163\" data-id=\"d415163\" data-element_type=\"column\">\n\t\t\t<div class=\"elementor-widget-wrap elementor-element-populated\">\n\t\t\t\t\t\t<div class=\"elementor-element elementor-element-9188657 elementor-widget elementor-widget-price-list\" data-id=\"9188657\" data-element_type=\"widget\" data-widget_type=\"price-list.default\">\n\t\t\t\t<div class=\"elementor-widget-container\">\n\t\t\t\t\t\n\t\t<ul class=\"elementor-price-list\">\n\n\t\t\t\t\t\t\t\t\t<li class=\"elementor-price-list-item\">\t\t\t\t\n\t\t\t\t<div class=\"elementor-price-list-text\">\n\t\t\t\t\t\t\t\t\t<div class=\"elementor-price-list-header\">\n\t\t\t\t\t\t\t\t\t\t\t<span class=\"elementor-price-list-title\">\n\t\t\t\t\t\t\tValor\t\t\t\t\t\t<\/span>\n\t\t\t\t\t\t\t\t\t\t\t\t\t\t\t\t\t\t<span class=\"elementor-price-list-separator\"><\/span>\n\t\t\t\t\t\t\t\t\t\t\t\t\t\t\t\t\t\t\t<span class=\"elementor-price-list-price\">$155,00<\/span>\n\t\t\t\t\t\t\t\t\t\t<\/div>\n\t\t\t\t\t\t\t\t\t\t\t\t<\/div>\n\t\t\t\t<\/li>\t\t\t\t\t\n\t\t<\/ul>\n\n\t\t\t\t\t\t<\/div>\n\t\t\t\t<\/div>\n\t\t\t\t\t<\/div>\n\t\t<\/div>\n\t\t\t\t\t<\/div>\n\t\t<\/section>\n\t\t\t\t<div class=\"elementor-element elementor-element-6421dbf elementor-widget elementor-widget-spacer\" data-id=\"6421dbf\" data-element_type=\"widget\" data-widget_type=\"spacer.default\">\n\t\t\t\t<div class=\"elementor-widget-container\">\n\t\t\t\t\t\t\t<div class=\"elementor-spacer\">\n\t\t\t<div class=\"elementor-spacer-inner\"><\/div>\n\t\t<\/div>\n\t\t\t\t\t\t<\/div>\n\t\t\t\t<\/div>\n\t\t\t\t<section class=\"elementor-section elementor-inner-section elementor-element elementor-element-62e7f0f elementor-section-boxed elementor-section-height-default elementor-section-height-default\" data-id=\"62e7f0f\" data-element_type=\"section\">\n\t\t\t\t\t\t<div class=\"elementor-container elementor-column-gap-default\">\n\t\t\t\t\t<div class=\"elementor-column elementor-col-100 elementor-inner-column elementor-element elementor-element-680fa42\" data-id=\"680fa42\" data-element_type=\"column\" data-settings=\"{&quot;background_background&quot;:&quot;classic&quot;}\">\n\t\t\t<div class=\"elementor-widget-wrap elementor-element-populated\">\n\t\t\t\t\t\t<div class=\"elementor-element elementor-element-faef545 elementor-widget elementor-widget-jet-engine-booking-form\" data-id=\"faef545\" data-element_type=\"widget\" data-widget_type=\"jet-engine-booking-form.default\">\n\t\t\t\t<div class=\"elementor-widget-container\">\n\t\t\t\t\t<form  class=\"jet-form layout-column submit-type-reload\" action=\"\/agendamento\/wp-json\/wp\/v2\/pages\/2?jet_engine_action=book&#038;nocache=1776395207\" method=\"POST\" data-form-id=\"21\"><input class=\"jet-form__field hidden-field\" type=\"hidden\" name=\"_jet_engine_booking_form_id\" value=\"21\" data-field-name=\"_jet_engine_booking_form_id\"><input class=\"jet-form__field hidden-field\" type=\"hidden\" name=\"_jet_engine_refer\" value=\"https:\/\/alineferreiraadv.com\/agendamento\/wp-json\/wp\/v2\/pages\/2\" data-field-name=\"_jet_engine_refer\"><div class=\"jet-form-page \" data-page=\"1\"><div  class=\"jet-form-row jet-form-row--hidden\"><div class=\"jet-form-col jet-form-col-12  field-type-hidden  jet-form-field-container\" data-field=\"page_id\" data-conditional=\"false\"><input class=\"jet-form__field hidden-field\" type=\"hidden\" name=\"page_id\" value=\"2\" data-field-name=\"page_id\"><\/div><\/div><div  class=\"jet-form-row jet-form-row--first-visible\"><div class=\"jet-form-col jet-form-col-12  field-type-select  jet-form-field-container\" data-field=\"service_id\" data-conditional=\"false\"><select  required=\"required\" name=\"service_id\" data-field-name=\"service_id\" id=\"service_id\" data-default-val=\"\" class=\"jet-form__field select-field\"><option value=\"\" selected>Selecionar servi\u00e7o...<\/option><option value=\"19\" >An\u00e1lise inicial<\/option><\/select><\/div><\/div><div  class=\"jet-form-row\"><div class=\"jet-form-col jet-form-col-12  field-type-appointment_date  jet-form-field-container\" data-field=\"appointment_date\" data-conditional=\"false\"><div class=\"jet-apb-calendar-wrapper\">\n\t<div class=\"appointment-calendar jet-apb-calendar\" data-args=\"{&quot;booking_type&quot;:&quot;slot&quot;,&quot;excludedDates&quot;:[],&quot;datesMode&quot;:&quot;override_full&quot;,&quot;worksDates&quot;:[],&quot;datesRange&quot;:{&quot;start&quot;:0,&quot;end&quot;:0},&quot;availableWeekDays&quot;:[&quot;monday&quot;,&quot;tuesday&quot;,&quot;wednesday&quot;],&quot;service&quot;:{&quot;field&quot;:&quot;service_id&quot;},&quot;providerIsset&quot;:false,&quot;provider&quot;:false,&quot;inputName&quot;:&quot;appointment_date&quot;,&quot;isRequired&quot;:true,&quot;allowedServices&quot;:false}\"><\/div>\n\n\t\t<div class=\"jet-apb-calendar-appointments-list-wrapper\" style=\"display: none\">\n\t\t<div class=\"jet-form__heading\">\n\t\t\t<span class=\"jet-form__label-text\">Detalhes do agendamento:<\/span>\n\t\t<\/div>\n\t\t<div class=\"jet-apb-calendar-appointments-list\"><\/div>\n\t<\/div>\n\t<div class=\"jet-apb-calendar-notification\" style=\"display: none\">\n\t\t<div class=\"jet-apb-calendar-notification-service\">Por favor, selecione o servi\u00e7o primeiro.<\/div>\n\t\t<div class=\"jet-apb-calendar-notification-provider\">Por favor, selecione o provedor primeiro.<\/div>\n\t\t<div class=\"jet-apb-calendar-notification-service-field\">Defina o campo de servi\u00e7o para o calend\u00e1rio atual<\/div>\n\t\t<div class=\"jet-apb-calendar-notification-max-slots\">Desculpe. Voc\u00ea atingiu o n\u00famero m\u00e1ximo de compromissos.<\/div>\n\t<\/div>\n<\/div>\n<\/div><\/div><div  class=\"jet-form-row jet-form-row--page-break\"><div class=\"jet-form-col jet-form-col-12  field-type-page_break  jet-form-field-container\" data-field=\"page_break\" data-conditional=\"false\"><div class=\"jet-form__next-page-wrap\">\n\t\t\t\t<button class=\"jet-form__next-page\" type=\"button\">Avan\u00e7ar<\/button>\n\t<\/div>\n<\/div><\/div><\/div><div class=\"jet-form-page jet-form-page--hidden\" data-page=\"2\"><div  class=\"jet-form-row\"><div class=\"jet-form-col jet-form-col-12  field-type-heading  jet-form-field-container\" data-field=\"heading\" data-conditional=\"false\"><div class=\"jet-form__heading\">\n\t<span class=\"jet-form__label-text\" ><center>Dados para confirmar agendamento<\/center><\/span>\n\t<\/div><\/div><\/div><div  class=\"jet-form-row\"><div class=\"jet-form-col jet-form-col-12  field-type-text  jet-form-field-container\" data-field=\"nome\" data-conditional=\"false\"><input class=\"jet-form__field text-field \" placeholder=\"Nome completo\" value=\"\" required=\"required\" name=\"nome\" id=\"nome\" type=\"text\" data-field-name=\"nome\"><\/div><\/div><div  class=\"jet-form-row\"><div class=\"jet-form-col jet-form-col-12  field-type-text  jet-form-field-container\" data-field=\"user_email\" data-conditional=\"false\"><input class=\"jet-form__field text-field \" placeholder=\"E-mail de contato\" value=\"\" required=\"required\" name=\"user_email\" id=\"user_email\" type=\"email\" data-field-name=\"user_email\"><\/div><\/div><div  class=\"jet-form-row\"><div class=\"jet-form-col jet-form-col-12  field-type-text  jet-form-field-container\" data-field=\"telefone\" data-conditional=\"false\"><input class=\"jet-form__field text-field \" placeholder=\"Telefone para confirma\u00e7\u00e3o\" value=\"\" required=\"required\" name=\"telefone\" id=\"telefone\" type=\"tel\" data-field-name=\"telefone\"><\/div><\/div><div  class=\"jet-form-row jet-form-row--submit\"><div class=\"jet-form-col jet-form-col-12  field-type-submit  jet-form-field-container\" data-field=\"Submit\" data-conditional=\"false\"><div class=\"jet-form__submit-wrap\">\n\t\t<button class=\"jet-form__submit submit-type-reload\" type=\"submit\"> Prosseguir para pagamento<\/button>\n<\/div><\/div><\/div><\/div><input class=\"jet-form__field hidden-field\" type=\"hidden\" name=\"_jet_engine_nonce\" value=\"d2bb7bdd2f\" data-field-name=\"_jet_engine_nonce\"><\/form>\t\t\t\t<\/div>\n\t\t\t\t<\/div>\n\t\t\t\t\t<\/div>\n\t\t<\/div>\n\t\t\t\t\t<\/div>\n\t\t<\/section>\n\t\t\t\t\t<\/div>\n\t\t<\/div>\n\t\t\t\t\t<\/div>\n\t\t<\/section>\n\t\t\t\t<\/div>\n\t\t","protected":false},"excerpt":{"rendered":"<p>Agendamento Online An\u00e1lise inicial de Caso Valor $155,00 Selecionar servi\u00e7o&#8230;An\u00e1lise inicial Detalhes do agendamento: Por favor, selecione o servi\u00e7o primeiro. Por favor, selecione o provedor primeiro. Defina o campo de servi\u00e7o para o calend\u00e1rio atual Desculpe. Voc\u00ea atingiu o n\u00famero m\u00e1ximo de compromissos. Avan\u00e7ar Dados para confirmar agendamento Prosseguir para pagamento<\/p>\n","protected":false},"author":1,"featured_media":0,"parent":0,"menu_order":0,"comment_status":"closed","ping_status":"closed","template":"","meta":{"footnotes":""},"class_list":["post-2","page","type-page","status-publish","hentry"],"yoast_head":"<!-- This site is optimized with the Yoast SEO plugin v25.1 - https:\/\/yoast.com\/wordpress\/plugins\/seo\/ -->\n<title>Agendamento Online - Aline Ferreira Advocacia<\/title>\n<meta name=\"description\" content=\"Direito Internacional Privado com foco em brasileiros no exterior. Especialistas em homologa\u00e7\u00e3o de senten\u00e7a estrangeira no Brasil.\" \/>\n<meta name=\"robots\" content=\"index, follow, max-snippet:-1, max-image-preview:large, max-video-preview:-1\" \/>\n<link rel=\"canonical\" href=\"https:\/\/alineferreiraadv.com\/agendamento\/\" \/>\n<meta property=\"og:locale\" content=\"pt_BR\" \/>\n<meta property=\"og:type\" content=\"article\" \/>\n<meta property=\"og:title\" content=\"Agendamento Online - Aline Ferreira Advocacia\" \/>\n<meta property=\"og:description\" content=\"Direito Internacional Privado com foco em brasileiros no exterior. Especialistas em homologa\u00e7\u00e3o de senten\u00e7a estrangeira no Brasil.\" \/>\n<meta property=\"og:url\" content=\"https:\/\/alineferreiraadv.com\/agendamento\/\" \/>\n<meta property=\"og:site_name\" content=\"Aline Ferreira Advocacia\" \/>\n<meta property=\"article:modified_time\" content=\"2025-05-29T12:23:58+00:00\" \/>\n<meta name=\"twitter:card\" content=\"summary_large_image\" \/>\n<meta name=\"twitter:label1\" content=\"Est. tempo de leitura\" \/>\n\t<meta name=\"twitter:data1\" content=\"1 minuto\" \/>\n<script type=\"application\/ld+json\" class=\"yoast-schema-graph\">{\"@context\":\"https:\/\/schema.org\",\"@graph\":[{\"@type\":\"WebPage\",\"@id\":\"https:\/\/alineferreiraadv.com\/agendamento\/\",\"url\":\"https:\/\/alineferreiraadv.com\/agendamento\/\",\"name\":\"Agendamento Online - Aline Ferreira Advocacia\",\"isPartOf\":{\"@id\":\"https:\/\/alineferreiraadv.com\/agendamento\/#website\"},\"datePublished\":\"2025-05-15T16:25:49+00:00\",\"dateModified\":\"2025-05-29T12:23:58+00:00\",\"description\":\"Direito Internacional Privado com foco em brasileiros no exterior. Especialistas em homologa\u00e7\u00e3o de senten\u00e7a estrangeira no Brasil.\",\"breadcrumb\":{\"@id\":\"https:\/\/alineferreiraadv.com\/agendamento\/#breadcrumb\"},\"inLanguage\":\"pt-BR\",\"potentialAction\":[{\"@type\":\"ReadAction\",\"target\":[\"https:\/\/alineferreiraadv.com\/agendamento\/\"]}]},{\"@type\":\"BreadcrumbList\",\"@id\":\"https:\/\/alineferreiraadv.com\/agendamento\/#breadcrumb\",\"itemListElement\":[{\"@type\":\"ListItem\",\"position\":1,\"name\":\"In\u00edcio\",\"item\":\"https:\/\/alineferreiraadv.com\/agendamento\/\"},{\"@type\":\"ListItem\",\"position\":2,\"name\":\"Home\"}]},{\"@type\":\"WebSite\",\"@id\":\"https:\/\/alineferreiraadv.com\/agendamento\/#website\",\"url\":\"https:\/\/alineferreiraadv.com\/agendamento\/\",\"name\":\"Aline Ferreira Advocacia\",\"description\":\"\",\"potentialAction\":[{\"@type\":\"SearchAction\",\"target\":{\"@type\":\"EntryPoint\",\"urlTemplate\":\"https:\/\/alineferreiraadv.com\/agendamento\/?s={search_term_string}\"},\"query-input\":{\"@type\":\"PropertyValueSpecification\",\"valueRequired\":true,\"valueName\":\"search_term_string\"}}],\"inLanguage\":\"pt-BR\"}]}<\/script>\n<!-- \/ Yoast SEO plugin. -->","yoast_head_json":{"title":"Agendamento Online - Aline Ferreira Advocacia","description":"Direito Internacional Privado com foco em brasileiros no exterior. Especialistas em homologa\u00e7\u00e3o de senten\u00e7a estrangeira no Brasil.","robots":{"index":"index","follow":"follow","max-snippet":"max-snippet:-1","max-image-preview":"max-image-preview:large","max-video-preview":"max-video-preview:-1"},"canonical":"https:\/\/alineferreiraadv.com\/agendamento\/","og_locale":"pt_BR","og_type":"article","og_title":"Agendamento Online - Aline Ferreira Advocacia","og_description":"Direito Internacional Privado com foco em brasileiros no exterior. Especialistas em homologa\u00e7\u00e3o de senten\u00e7a estrangeira no Brasil.","og_url":"https:\/\/alineferreiraadv.com\/agendamento\/","og_site_name":"Aline Ferreira Advocacia","article_modified_time":"2025-05-29T12:23:58+00:00","twitter_card":"summary_large_image","twitter_misc":{"Est. tempo de leitura":"1 minuto"},"schema":{"@context":"https:\/\/schema.org","@graph":[{"@type":"WebPage","@id":"https:\/\/alineferreiraadv.com\/agendamento\/","url":"https:\/\/alineferreiraadv.com\/agendamento\/","name":"Agendamento Online - Aline Ferreira Advocacia","isPartOf":{"@id":"https:\/\/alineferreiraadv.com\/agendamento\/#website"},"datePublished":"2025-05-15T16:25:49+00:00","dateModified":"2025-05-29T12:23:58+00:00","description":"Direito Internacional Privado com foco em brasileiros no exterior. Especialistas em homologa\u00e7\u00e3o de senten\u00e7a estrangeira no Brasil.","breadcrumb":{"@id":"https:\/\/alineferreiraadv.com\/agendamento\/#breadcrumb"},"inLanguage":"pt-BR","potentialAction":[{"@type":"ReadAction","target":["https:\/\/alineferreiraadv.com\/agendamento\/"]}]},{"@type":"BreadcrumbList","@id":"https:\/\/alineferreiraadv.com\/agendamento\/#breadcrumb","itemListElement":[{"@type":"ListItem","position":1,"name":"In\u00edcio","item":"https:\/\/alineferreiraadv.com\/agendamento\/"},{"@type":"ListItem","position":2,"name":"Home"}]},{"@type":"WebSite","@id":"https:\/\/alineferreiraadv.com\/agendamento\/#website","url":"https:\/\/alineferreiraadv.com\/agendamento\/","name":"Aline Ferreira Advocacia","description":"","potentialAction":[{"@type":"SearchAction","target":{"@type":"EntryPoint","urlTemplate":"https:\/\/alineferreiraadv.com\/agendamento\/?s={search_term_string}"},"query-input":{"@type":"PropertyValueSpecification","valueRequired":true,"valueName":"search_term_string"}}],"inLanguage":"pt-BR"}]}},"_links":{"self":[{"href":"https:\/\/alineferreiraadv.com\/agendamento\/wp-json\/wp\/v2\/pages\/2","targetHints":{"allow":["GET"]}}],"collection":[{"href":"https:\/\/alineferreiraadv.com\/agendamento\/wp-json\/wp\/v2\/pages"}],"about":[{"href":"https:\/\/alineferreiraadv.com\/agendamento\/wp-json\/wp\/v2\/types\/page"}],"author":[{"embeddable":true,"href":"https:\/\/alineferreiraadv.com\/agendamento\/wp-json\/wp\/v2\/users\/1"}],"replies":[{"embeddable":true,"href":"https:\/\/alineferreiraadv.com\/agendamento\/wp-json\/wp\/v2\/comments?post=2"}],"version-history":[{"count":58,"href":"https:\/\/alineferreiraadv.com\/agendamento\/wp-json\/wp\/v2\/pages\/2\/revisions"}],"predecessor-version":[{"id":151,"href":"https:\/\/alineferreiraadv.com\/agendamento\/wp-json\/wp\/v2\/pages\/2\/revisions\/151"}],"wp:attachment":[{"href":"https:\/\/alineferreiraadv.com\/agendamento\/wp-json\/wp\/v2\/media?parent=2"}],"curies":[{"name":"wp","href":"https:\/\/api.w.org\/{rel}","templated":true}]}}